{"id":145,"date":"2025-10-21T08:00:02","date_gmt":"2025-10-21T08:00:02","guid":{"rendered":"https:\/\/zubar-mitrovica.rs\/?page_id=145"},"modified":"2026-02-03T12:51:49","modified_gmt":"2026-02-03T12:51:49","slug":"korekcija-usana-i-bora-hijaluronskim-filerima","status":"publish","type":"page","link":"https:\/\/zubar-mitrovica.rs\/en\/korekcija-usana-i-bora-hijaluronskim-filerima\/","title":{"rendered":"Lip and Wrinkle Correction With Hyaluronic Fillers"},"content":{"rendered":"\t\t<div data-elementor-type=\"wp-page\" data-elementor-id=\"145\" class=\"elementor elementor-145\" data-elementor-post-type=\"page\">\n\t\t\t\t<div class=\"elementor-element elementor-element-2dabaed4 e-flex e-con-boxed e-con e-parent\" data-id=\"2dabaed4\" data-element_type=\"container\" data-e-type=\"container\" data-settings=\"{&quot;background_background&quot;:&quot;classic&quot;}\">\n\t\t\t\t\t<div class=\"e-con-inner\">\n\t\t\t\t<div class=\"elementor-element elementor-element-7c8d9326 elementor-widget-divider--view-line_icon elementor-view-default elementor-widget-divider--element-align-center elementor-widget elementor-widget-divider\" data-id=\"7c8d9326\" data-element_type=\"widget\" data-e-type=\"widget\" data-widget_type=\"divider.default\">\n\t\t\t\t\t\t\t<div class=\"elementor-divider\">\n\t\t\t<span class=\"elementor-divider-separator\">\n\t\t\t\t\t\t\t<div class=\"elementor-icon elementor-divider__element\">\n\t\t\t\t\t<svg aria-hidden=\"true\" class=\"e-font-icon-svg e-fas-chevron-down\" viewBox=\"0 0 448 512\" xmlns=\"http:\/\/www.w3.org\/2000\/svg\"><path d=\"M207.029 381.476L12.686 187.132c-9.373-9.373-9.373-24.569 0-33.941l22.667-22.667c9.357-9.357 24.522-9.375 33.901-.04L224 284.505l154.745-154.021c9.379-9.335 24.544-9.317 33.901.04l22.667 22.667c9.373 9.373 9.373 24.569 0 33.941L240.971 381.476c-9.373 9.372-24.569 9.372-33.942 0z\"><\/path><\/svg><\/div>\n\t\t\t\t\t\t<\/span>\n\t\t<\/div>\n\t\t\t\t\t\t<\/div>\n\t\t\t\t\t<\/div>\n\t\t\t\t<\/div>\n\t\t<div class=\"elementor-element elementor-element-3085e3c0 e-flex e-con-boxed e-con e-parent\" data-id=\"3085e3c0\" data-element_type=\"container\" data-e-type=\"container\" data-settings=\"{&quot;background_background&quot;:&quot;classic&quot;}\">\n\t\t\t\t\t<div class=\"e-con-inner\">\n\t\t<div class=\"elementor-element elementor-element-4aea2ca5 e-con-full e-flex e-con e-child\" data-id=\"4aea2ca5\" data-element_type=\"container\" data-e-type=\"container\">\n\t\t\t\t<div class=\"elementor-element elementor-element-5230a29 elementor-widget elementor-widget-text-editor\" data-id=\"5230a29\" data-element_type=\"widget\" data-e-type=\"widget\" data-widget_type=\"text-editor.default\">\n\t\t\t\t\t\t\t\t\t<p>U nekim slu\u010dajevima briga o osmehu ne zavr\u0161ava se samo na zubima. Kontura usana, volumen i fine bore oko usana i lica \u010desto uti\u010du na to kako pacijent do\u017eivljava sopstveni osmeh.<br \/><br data-start=\"10843\" data-end=\"10846\" \/>U ordinaciji \u201eDr Violeta Vladimirov\u201c radimo korekciju usana i ubla\u017eavanje bora hijaluronskim filerima medicinski kontrolisano i individualno dozirano. Plan tretmana nikad nije \u201ckopiraj-lepi\u201d, ve\u0107 se radi nakon razgovora sa pacijentom: da li je cilj blago osve\u017eavanje ili definisanje konture, da li \u017eelimo diskretno pove\u0107anje volumena ili samo vra\u0107anje tonusa koji je postojao ranije.<br \/><br data-start=\"11229\" data-end=\"11232\" \/>Koristimo proverene preparate i striktno vodimo ra\u010duna o sterilnim uslovima, higijeni prostora i bezbednosti pacijenta. Naglasak je na prirodnom, diskretnom rezultatu, a ne na prenagla\u0161enom efektu.<br \/><br data-start=\"11429\" data-end=\"11432\" \/>Svrha filera nije da vas \u201cpromeni\u201d, ve\u0107 da vrati sve\u017einu izrazu lica i harmonizuje osmeh sa usnama. I kao i kod ostalih tretmana \u2013 sve radimo uz obja\u0161njenje, transparentno i bez pritiska.<\/p>\t\t\t\t\t\t\t\t<\/div>\n\t\t\t\t<\/div>\n\t\t<div class=\"elementor-element elementor-element-2ed9412b e-con-full e-flex e-con e-child\" data-id=\"2ed9412b\" data-element_type=\"container\" data-e-type=\"container\" data-settings=\"{&quot;sticky&quot;:&quot;top&quot;,&quot;sticky_on&quot;:[&quot;desktop&quot;,&quot;tablet&quot;],&quot;sticky_offset&quot;:20,&quot;sticky_parent&quot;:&quot;yes&quot;,&quot;sticky_effects_offset&quot;:0,&quot;sticky_anchor_link_offset&quot;:0}\">\n\t\t\t\t<div class=\"elementor-element elementor-element-2c11f62d elementor-widget elementor-widget-shortcode\" data-id=\"2c11f62d\" data-element_type=\"widget\" data-e-type=\"widget\" data-widget_type=\"shortcode.default\">\n\t\t\t\t\t\t\t<div class=\"elementor-shortcode\">\t\t<div data-elementor-type=\"section\" data-elementor-id=\"97\" class=\"elementor elementor-97\" data-elementor-post-type=\"elementor_library\">\n\t\t\t<div class=\"elementor-element elementor-element-8914631 e-flex e-con-boxed e-con e-parent\" data-id=\"8914631\" data-element_type=\"container\" data-e-type=\"container\" data-settings=\"{&quot;background_background&quot;:&quot;classic&quot;}\">\n\t\t\t\t\t<div class=\"e-con-inner\">\n\t\t\t\t<div class=\"elementor-element elementor-element-7ff14f7 elementor-widget elementor-widget-heading\" data-id=\"7ff14f7\" data-element_type=\"widget\" data-e-type=\"widget\" data-widget_type=\"heading.default\">\n\t\t\t\t\t<h2 class=\"elementor-heading-title elementor-size-default\">Kontakt<\/h2>\t\t\t\t<\/div>\n\t\t\t\t<div class=\"elementor-element elementor-element-0d6b6c6 elementor-icon-list--layout-traditional elementor-list-item-link-full_width elementor-widget elementor-widget-icon-list\" data-id=\"0d6b6c6\" data-element_type=\"widget\" data-e-type=\"widget\" data-widget_type=\"icon-list.default\">\n\t\t\t\t\t\t\t<ul class=\"elementor-icon-list-items\">\n\t\t\t\t\t\t\t<li class=\"elementor-icon-list-item\">\n\t\t\t\t\t\t\t\t\t\t\t<a href=\"tel:+381637200629\">\n\n\t\t\t\t\t\t\t\t\t\t\t\t<span class=\"elementor-icon-list-icon\">\n\t\t\t\t\t\t\t<svg aria-hidden=\"true\" class=\"e-font-icon-svg e-fas-phone-alt\" viewBox=\"0 0 512 512\" xmlns=\"http:\/\/www.w3.org\/2000\/svg\"><path d=\"M497.39 361.8l-112-48a24 24 0 0 0-28 6.9l-49.6 60.6A370.66 370.66 0 0 1 130.6 204.11l60.6-49.6a23.94 23.94 0 0 0 6.9-28l-48-112A24.16 24.16 0 0 0 122.6.61l-104 24A24 24 0 0 0 0 48c0 256.5 207.9 464 464 464a24 24 0 0 0 23.4-18.6l24-104a24.29 24.29 0 0 0-14.01-27.6z\"><\/path><\/svg>\t\t\t\t\t\t<\/span>\n\t\t\t\t\t\t\t\t\t\t<span class=\"elementor-icon-list-text\">063 720 0629<\/span>\n\t\t\t\t\t\t\t\t\t\t\t<\/a>\n\t\t\t\t\t\t\t\t\t<\/li>\n\t\t\t\t\t\t\t\t<li class=\"elementor-icon-list-item\">\n\t\t\t\t\t\t\t\t\t\t\t<a href=\"tel:+38122637888\">\n\n\t\t\t\t\t\t\t\t\t\t\t\t<span class=\"elementor-icon-list-icon\">\n\t\t\t\t\t\t\t<svg aria-hidden=\"true\" class=\"e-font-icon-svg e-fas-phone-alt\" viewBox=\"0 0 512 512\" xmlns=\"http:\/\/www.w3.org\/2000\/svg\"><path d=\"M497.39 361.8l-112-48a24 24 0 0 0-28 6.9l-49.6 60.6A370.66 370.66 0 0 1 130.6 204.11l60.6-49.6a23.94 23.94 0 0 0 6.9-28l-48-112A24.16 24.16 0 0 0 122.6.61l-104 24A24 24 0 0 0 0 48c0 256.5 207.9 464 464 464a24 24 0 0 0 23.4-18.6l24-104a24.29 24.29 0 0 0-14.01-27.6z\"><\/path><\/svg>\t\t\t\t\t\t<\/span>\n\t\t\t\t\t\t\t\t\t\t<span class=\"elementor-icon-list-text\">022 637 888<\/span>\n\t\t\t\t\t\t\t\t\t\t\t<\/a>\n\t\t\t\t\t\t\t\t\t<\/li>\n\t\t\t\t\t\t\t\t<li class=\"elementor-icon-list-item\">\n\t\t\t\t\t\t\t\t\t\t\t<a href=\"mailto:violavlad@gmail.com\">\n\n\t\t\t\t\t\t\t\t\t\t\t\t<span class=\"elementor-icon-list-icon\">\n\t\t\t\t\t\t\t<svg aria-hidden=\"true\" class=\"e-font-icon-svg e-fas-envelope\" viewBox=\"0 0 512 512\" xmlns=\"http:\/\/www.w3.org\/2000\/svg\"><path d=\"M502.3 190.8c3.9-3.1 9.7-.2 9.7 4.7V400c0 26.5-21.5 48-48 48H48c-26.5 0-48-21.5-48-48V195.6c0-5 5.7-7.8 9.7-4.7 22.4 17.4 52.1 39.5 154.1 113.6 21.1 15.4 56.7 47.8 92.2 47.6 35.7.3 72-32.8 92.3-47.6 102-74.1 131.6-96.3 154-113.7zM256 320c23.2.4 56.6-29.2 73.4-41.4 132.7-96.3 142.8-104.7 173.4-128.7 5.8-4.5 9.2-11.5 9.2-18.9v-19c0-26.5-21.5-48-48-48H48C21.5 64 0 85.5 0 112v19c0 7.4 3.4 14.3 9.2 18.9 30.6 23.9 40.7 32.4 173.4 128.7 16.8 12.2 50.2 41.8 73.4 41.4z\"><\/path><\/svg>\t\t\t\t\t\t<\/span>\n\t\t\t\t\t\t\t\t\t\t<span class=\"elementor-icon-list-text\">violavlad@gmail.com<\/span>\n\t\t\t\t\t\t\t\t\t\t\t<\/a>\n\t\t\t\t\t\t\t\t\t<\/li>\n\t\t\t\t\t\t\t\t<li class=\"elementor-icon-list-item\">\n\t\t\t\t\t\t\t\t\t\t\t<a href=\"https:\/\/maps.app.goo.gl\/usiygs8Gw1vUBjuPA\">\n\n\t\t\t\t\t\t\t\t\t\t\t\t<span class=\"elementor-icon-list-icon\">\n\t\t\t\t\t\t\t<svg aria-hidden=\"true\" class=\"e-font-icon-svg e-fas-map-marker-alt\" viewBox=\"0 0 384 512\" xmlns=\"http:\/\/www.w3.org\/2000\/svg\"><path d=\"M172.268 501.67C26.97 291.031 0 269.413 0 192 0 85.961 85.961 0 192 0s192 85.961 192 192c0 77.413-26.97 99.031-172.268 309.67-9.535 13.774-29.93 13.773-39.464 0zM192 272c44.183 0 80-35.817 80-80s-35.817-80-80-80-80 35.817-80 80 35.817 80 80 80z\"><\/path><\/svg>\t\t\t\t\t\t<\/span>\n\t\t\t\t\t\t\t\t\t\t<span class=\"elementor-icon-list-text\">Save Kova\u010devi\u0107a 11 \/1, Sremska Mitrovica 22000<\/span>\n\t\t\t\t\t\t\t\t\t\t\t<\/a>\n\t\t\t\t\t\t\t\t\t<\/li>\n\t\t\t\t\t\t<\/ul>\n\t\t\t\t\t\t<\/div>\n\t\t\t\t<div class=\"elementor-element elementor-element-5a9262d e-grid-align-left elementor-shape-rounded elementor-grid-0 elementor-widget elementor-widget-social-icons\" data-id=\"5a9262d\" data-element_type=\"widget\" data-e-type=\"widget\" data-widget_type=\"social-icons.default\">\n\t\t\t\t\t\t\t<div class=\"elementor-social-icons-wrapper elementor-grid\" role=\"list\">\n\t\t\t\t\t\t\t<span class=\"elementor-grid-item\" role=\"listitem\">\n\t\t\t\t\t<a class=\"elementor-icon elementor-social-icon elementor-social-icon-facebook elementor-repeater-item-e5ecddc\" href=\"https:\/\/www.facebook.com\/stomatoloskaordinacijadrvioletavladimirov\/\" target=\"_blank\">\n\t\t\t\t\t\t<span class=\"elementor-screen-only\">Facebook<\/span>\n\t\t\t\t\t\t<svg aria-hidden=\"true\" class=\"e-font-icon-svg e-fab-facebook\" viewBox=\"0 0 512 512\" xmlns=\"http:\/\/www.w3.org\/2000\/svg\"><path d=\"M504 256C504 119 393 8 256 8S8 119 8 256c0 123.78 90.69 226.38 209.25 245V327.69h-63V256h63v-54.64c0-62.15 37-96.48 93.67-96.48 27.14 0 55.52 4.84 55.52 4.84v61h-31.28c-30.8 0-40.41 19.12-40.41 38.73V256h68.78l-11 71.69h-57.78V501C413.31 482.38 504 379.78 504 256z\"><\/path><\/svg>\t\t\t\t\t<\/a>\n\t\t\t\t<\/span>\n\t\t\t\t\t\t\t<span class=\"elementor-grid-item\" role=\"listitem\">\n\t\t\t\t\t<a class=\"elementor-icon elementor-social-icon elementor-social-icon-instagram elementor-repeater-item-8730657\" href=\"https:\/\/www.instagram.com\/vladimirovvioleta\/\" target=\"_blank\">\n\t\t\t\t\t\t<span class=\"elementor-screen-only\">Instagram<\/span>\n\t\t\t\t\t\t<svg aria-hidden=\"true\" class=\"e-font-icon-svg e-fab-instagram\" viewBox=\"0 0 448 512\" xmlns=\"http:\/\/www.w3.org\/2000\/svg\"><path d=\"M224.1 141c-63.6 0-114.9 51.3-114.9 114.9s51.3 114.9 114.9 114.9S339 319.5 339 255.9 287.7 141 224.1 141zm0 189.6c-41.1 0-74.7-33.5-74.7-74.7s33.5-74.7 74.7-74.7 74.7 33.5 74.7 74.7-33.6 74.7-74.7 74.7zm146.4-194.3c0 14.9-12 26.8-26.8 26.8-14.9 0-26.8-12-26.8-26.8s12-26.8 26.8-26.8 26.8 12 26.8 26.8zm76.1 27.2c-1.7-35.9-9.9-67.7-36.2-93.9-26.2-26.2-58-34.4-93.9-36.2-37-2.1-147.9-2.1-184.9 0-35.8 1.7-67.6 9.9-93.9 36.1s-34.4 58-36.2 93.9c-2.1 37-2.1 147.9 0 184.9 1.7 35.9 9.9 67.7 36.2 93.9s58 34.4 93.9 36.2c37 2.1 147.9 2.1 184.9 0 35.9-1.7 67.7-9.9 93.9-36.2 26.2-26.2 34.4-58 36.2-93.9 2.1-37 2.1-147.8 0-184.8zM398.8 388c-7.8 19.6-22.9 34.7-42.6 42.6-29.5 11.7-99.5 9-132.1 9s-102.7 2.6-132.1-9c-19.6-7.8-34.7-22.9-42.6-42.6-11.7-29.5-9-99.5-9-132.1s-2.6-102.7 9-132.1c7.8-19.6 22.9-34.7 42.6-42.6 29.5-11.7 99.5-9 132.1-9s102.7-2.6 132.1 9c19.6 7.8 34.7 22.9 42.6 42.6 11.7 29.5 9 99.5 9 132.1s2.7 102.7-9 132.1z\"><\/path><\/svg>\t\t\t\t\t<\/a>\n\t\t\t\t<\/span>\n\t\t\t\t\t<\/div>\n\t\t\t\t\t\t<\/div>\n\t\t\t\t<div class=\"elementor-element elementor-element-082476c elementor-widget elementor-widget-heading\" data-id=\"082476c\" data-element_type=\"widget\" data-e-type=\"widget\" data-widget_type=\"heading.default\">\n\t\t\t\t\t<h2 class=\"elementor-heading-title elementor-size-default\">Zaka\u017eite pregled<\/h2>\t\t\t\t<\/div>\n\t\t\t\t<div class=\"elementor-element elementor-element-33f3b55 elementor-widget elementor-widget-shortcode\" data-id=\"33f3b55\" data-element_type=\"widget\" data-e-type=\"widget\" data-widget_type=\"shortcode.default\">\n\t\t\t\t\t\t\t<div class=\"elementor-shortcode\">\n<div class=\"wpcf7 no-js\" id=\"wpcf7-f6-o1\" lang=\"en-US\" dir=\"ltr\" data-wpcf7-id=\"6\">\n<div class=\"screen-reader-response\"><p role=\"status\" aria-live=\"polite\" aria-atomic=\"true\"><\/p> <ul><\/ul><\/div>\n<form action=\"\/en\/wp-json\/wp\/v2\/pages\/145#wpcf7-f6-o1\" method=\"post\" class=\"wpcf7-form init\" aria-label=\"Contact form\" novalidate=\"novalidate\" data-status=\"init\">\n<fieldset class=\"hidden-fields-container\"><input type=\"hidden\" name=\"_wpcf7\" value=\"6\" \/><input type=\"hidden\" name=\"_wpcf7_version\" value=\"6.1.5\" \/><input type=\"hidden\" name=\"_wpcf7_locale\" value=\"en_US\" \/><input type=\"hidden\" name=\"_wpcf7_unit_tag\" value=\"wpcf7-f6-o1\" \/><input type=\"hidden\" name=\"_wpcf7_container_post\" value=\"0\" \/><input type=\"hidden\" name=\"_wpcf7_posted_data_hash\" value=\"\" \/>\n<\/fieldset>\n<p><label><br \/>\n<span class=\"wpcf7-form-control-wrap\" data-name=\"your-name\"><input size=\"40\" maxlength=\"400\" class=\"wpcf7-form-control wpcf7-text wpcf7-validates-as-required\" aria-required=\"true\" aria-invalid=\"false\" placeholder=\"Ime\" value=\"\" type=\"text\" name=\"your-name\" \/><\/span> <\/label>\n<\/p>\n<p><label><br \/>\n<span class=\"wpcf7-form-control-wrap\" data-name=\"your-email\"><input size=\"40\" maxlength=\"400\" class=\"wpcf7-form-control wpcf7-email wpcf7-validates-as-required wpcf7-text wpcf7-validates-as-email\" aria-required=\"true\" aria-invalid=\"false\" placeholder=\"Email\" value=\"\" type=\"email\" name=\"your-email\" \/><\/span> <\/label>\n<\/p>\n<p><label><br \/>\n<span class=\"wpcf7-form-control-wrap\" data-name=\"tel-232\"><input size=\"40\" maxlength=\"400\" class=\"wpcf7-form-control wpcf7-tel wpcf7-validates-as-required wpcf7-text wpcf7-validates-as-tel\" aria-required=\"true\" aria-invalid=\"false\" placeholder=\"Telefon\" value=\"\" type=\"tel\" name=\"tel-232\" \/><\/span> <\/label>\n<\/p>\n<p><label><br \/>\n<span class=\"wpcf7-form-control-wrap\" data-name=\"your-message\"><textarea cols=\"40\" rows=\"4\" maxlength=\"2000\" class=\"wpcf7-form-control wpcf7-textarea wpcf7-validates-as-required\" aria-required=\"true\" aria-invalid=\"false\" placeholder=\"Poruka\" name=\"your-message\"><\/textarea><\/span> <\/label>\n<\/p>\n<p><input class=\"wpcf7-form-control wpcf7-submit has-spinner\" type=\"submit\" value=\"Po\u0161alji\" \/>\n<\/p><div class=\"wpcf7-response-output\" aria-hidden=\"true\"><\/div>\n<\/form>\n<\/div>\n<\/div>\n\t\t\t\t\t\t<\/div>\n\t\t\t\t\t<\/div>\n\t\t\t\t<\/div>\n\t\t\t\t<\/div>\n\t\t<\/div>\n\t\t\t\t\t\t<\/div>\n\t\t\t\t<\/div>\n\t\t\t\t\t<\/div>\n\t\t\t\t<\/div>\n\t\t\t\t<\/div>\n\t\t","protected":false},"excerpt":{"rendered":"<p>&nbsp; U nekim slu\u010dajevima briga o osmehu ne zavr\u0161ava se samo na zubima. Kontura usana, volumen i fine bore oko usana i lica \u010desto uti\u010du na to kako pacijent do\u017eivljava sopstveni osmeh. U ordinaciji \u201eDr Violeta Vladimirov\u201c radimo korekciju usana i ubla\u017eavanje bora hijaluronskim filerima medicinski kontrolisano i individualno dozirano. Plan tretmana nikad nije \u201ckopiraj-lepi\u201d, [&hellip;]<\/p>\n","protected":false},"author":1,"featured_media":0,"parent":0,"menu_order":0,"comment_status":"closed","ping_status":"closed","template":"","meta":{"footnotes":""},"class_list":["post-145","page","type-page","status-publish","hentry"],"yoast_head":"<!-- This site is optimized with the Yoast SEO plugin v27.0 - https:\/\/yoast.com\/product\/yoast-seo-wordpress\/ -->\n<title>Korekcija usana i bora hijaluronskim filerima - Dr Violeta Vladimirov<\/title>\n<meta name=\"description\" content=\"Korekcija usana i bora hijaluronskim filerima \u2013 volumen, konture i ubla\u017eavanje finih bora uz individualan plan.\" \/>\n<meta name=\"robots\" content=\"index, follow, max-snippet:-1, max-image-preview:large, max-video-preview:-1\" \/>\n<link rel=\"canonical\" href=\"https:\/\/zubar-mitrovica.rs\/en\/korekcija-usana-i-bora-hijaluronskim-filerima\/\" \/>\n<meta property=\"og:locale\" content=\"en_GB\" \/>\n<meta property=\"og:type\" content=\"article\" \/>\n<meta property=\"og:title\" content=\"Korekcija usana i bora hijaluronskim filerima - Dr Violeta Vladimirov\" \/>\n<meta property=\"og:description\" content=\"Korekcija usana i bora hijaluronskim filerima \u2013 volumen, konture i ubla\u017eavanje finih bora uz individualan plan.\" \/>\n<meta property=\"og:url\" content=\"https:\/\/zubar-mitrovica.rs\/en\/korekcija-usana-i-bora-hijaluronskim-filerima\/\" \/>\n<meta property=\"og:site_name\" content=\"Dr Violeta Vladimirov\" \/>\n<meta property=\"article:modified_time\" content=\"2026-02-03T12:51:49+00:00\" \/>\n<meta name=\"twitter:card\" content=\"summary_large_image\" \/>\n<meta name=\"twitter:label1\" content=\"Estimated reading time\" \/>\n\t<meta name=\"twitter:data1\" content=\"1 minute\" \/>\n<script type=\"application\/ld+json\" class=\"yoast-schema-graph\">{\"@context\":\"https:\/\/schema.org\",\"@graph\":[{\"@type\":\"WebPage\",\"@id\":\"https:\/\/zubar-mitrovica.rs\/korekcija-usana-i-bora-hijaluronskim-filerima\/\",\"url\":\"https:\/\/zubar-mitrovica.rs\/korekcija-usana-i-bora-hijaluronskim-filerima\/\",\"name\":\"Korekcija usana i bora hijaluronskim filerima - Dr Violeta Vladimirov\",\"isPartOf\":{\"@id\":\"https:\/\/zubar-mitrovica.rs\/#website\"},\"datePublished\":\"2025-10-21T08:00:02+00:00\",\"dateModified\":\"2026-02-03T12:51:49+00:00\",\"description\":\"Korekcija usana i bora hijaluronskim filerima \u2013 volumen, konture i ubla\u017eavanje finih bora uz individualan plan.\",\"breadcrumb\":{\"@id\":\"https:\/\/zubar-mitrovica.rs\/korekcija-usana-i-bora-hijaluronskim-filerima\/#breadcrumb\"},\"inLanguage\":\"en-GB\",\"potentialAction\":[{\"@type\":\"ReadAction\",\"target\":[\"https:\/\/zubar-mitrovica.rs\/korekcija-usana-i-bora-hijaluronskim-filerima\/\"]}]},{\"@type\":\"BreadcrumbList\",\"@id\":\"https:\/\/zubar-mitrovica.rs\/korekcija-usana-i-bora-hijaluronskim-filerima\/#breadcrumb\",\"itemListElement\":[{\"@type\":\"ListItem\",\"position\":1,\"name\":\"Home\",\"item\":\"https:\/\/zubar-mitrovica.rs\/\"},{\"@type\":\"ListItem\",\"position\":2,\"name\":\"Korekcija usana i bora hijaluronskim filerima\"}]},{\"@type\":\"WebSite\",\"@id\":\"https:\/\/zubar-mitrovica.rs\/#website\",\"url\":\"https:\/\/zubar-mitrovica.rs\/\",\"name\":\"Dr Violeta Vladimirov\",\"description\":\"Stomatolog Sremska Mitrovica\",\"publisher\":{\"@id\":\"https:\/\/zubar-mitrovica.rs\/#organization\"},\"potentialAction\":[{\"@type\":\"SearchAction\",\"target\":{\"@type\":\"EntryPoint\",\"urlTemplate\":\"https:\/\/zubar-mitrovica.rs\/?s={search_term_string}\"},\"query-input\":{\"@type\":\"PropertyValueSpecification\",\"valueRequired\":true,\"valueName\":\"search_term_string\"}}],\"inLanguage\":\"en-GB\"},{\"@type\":\"Organization\",\"@id\":\"https:\/\/zubar-mitrovica.rs\/#organization\",\"name\":\"Dr Violeta Vladimirov\",\"url\":\"https:\/\/zubar-mitrovica.rs\/\",\"logo\":{\"@type\":\"ImageObject\",\"inLanguage\":\"en-GB\",\"@id\":\"https:\/\/zubar-mitrovica.rs\/#\/schema\/logo\/image\/\",\"url\":\"https:\/\/zubar-mitrovica.rs\/wp-content\/uploads\/2025\/10\/Logo-black.svg\",\"contentUrl\":\"https:\/\/zubar-mitrovica.rs\/wp-content\/uploads\/2025\/10\/Logo-black.svg\",\"width\":371,\"height\":64,\"caption\":\"Dr Violeta Vladimirov\"},\"image\":{\"@id\":\"https:\/\/zubar-mitrovica.rs\/#\/schema\/logo\/image\/\"}}]}<\/script>\n<!-- \/ Yoast SEO plugin. -->","yoast_head_json":{"title":"Korekcija usana i bora hijaluronskim filerima - Dr Violeta Vladimirov","description":"Korekcija usana i bora hijaluronskim filerima \u2013 volumen, konture i ubla\u017eavanje finih bora uz individualan plan.","robots":{"index":"index","follow":"follow","max-snippet":"max-snippet:-1","max-image-preview":"max-image-preview:large","max-video-preview":"max-video-preview:-1"},"canonical":"https:\/\/zubar-mitrovica.rs\/en\/korekcija-usana-i-bora-hijaluronskim-filerima\/","og_locale":"en_GB","og_type":"article","og_title":"Korekcija usana i bora hijaluronskim filerima - Dr Violeta Vladimirov","og_description":"Korekcija usana i bora hijaluronskim filerima \u2013 volumen, konture i ubla\u017eavanje finih bora uz individualan plan.","og_url":"https:\/\/zubar-mitrovica.rs\/en\/korekcija-usana-i-bora-hijaluronskim-filerima\/","og_site_name":"Dr Violeta Vladimirov","article_modified_time":"2026-02-03T12:51:49+00:00","twitter_card":"summary_large_image","twitter_misc":{"Estimated reading time":"1 minute"},"schema":{"@context":"https:\/\/schema.org","@graph":[{"@type":"WebPage","@id":"https:\/\/zubar-mitrovica.rs\/korekcija-usana-i-bora-hijaluronskim-filerima\/","url":"https:\/\/zubar-mitrovica.rs\/korekcija-usana-i-bora-hijaluronskim-filerima\/","name":"Korekcija usana i bora hijaluronskim filerima - Dr Violeta Vladimirov","isPartOf":{"@id":"https:\/\/zubar-mitrovica.rs\/#website"},"datePublished":"2025-10-21T08:00:02+00:00","dateModified":"2026-02-03T12:51:49+00:00","description":"Korekcija usana i bora hijaluronskim filerima \u2013 volumen, konture i ubla\u017eavanje finih bora uz individualan plan.","breadcrumb":{"@id":"https:\/\/zubar-mitrovica.rs\/korekcija-usana-i-bora-hijaluronskim-filerima\/#breadcrumb"},"inLanguage":"en-GB","potentialAction":[{"@type":"ReadAction","target":["https:\/\/zubar-mitrovica.rs\/korekcija-usana-i-bora-hijaluronskim-filerima\/"]}]},{"@type":"BreadcrumbList","@id":"https:\/\/zubar-mitrovica.rs\/korekcija-usana-i-bora-hijaluronskim-filerima\/#breadcrumb","itemListElement":[{"@type":"ListItem","position":1,"name":"Home","item":"https:\/\/zubar-mitrovica.rs\/"},{"@type":"ListItem","position":2,"name":"Korekcija usana i bora hijaluronskim filerima"}]},{"@type":"WebSite","@id":"https:\/\/zubar-mitrovica.rs\/#website","url":"https:\/\/zubar-mitrovica.rs\/","name":"Dr Violeta Vladimirov","description":"Stomatolog Sremska Mitrovica","publisher":{"@id":"https:\/\/zubar-mitrovica.rs\/#organization"},"potentialAction":[{"@type":"SearchAction","target":{"@type":"EntryPoint","urlTemplate":"https:\/\/zubar-mitrovica.rs\/?s={search_term_string}"},"query-input":{"@type":"PropertyValueSpecification","valueRequired":true,"valueName":"search_term_string"}}],"inLanguage":"en-GB"},{"@type":"Organization","@id":"https:\/\/zubar-mitrovica.rs\/#organization","name":"Dr Violeta Vladimirov","url":"https:\/\/zubar-mitrovica.rs\/","logo":{"@type":"ImageObject","inLanguage":"en-GB","@id":"https:\/\/zubar-mitrovica.rs\/#\/schema\/logo\/image\/","url":"https:\/\/zubar-mitrovica.rs\/wp-content\/uploads\/2025\/10\/Logo-black.svg","contentUrl":"https:\/\/zubar-mitrovica.rs\/wp-content\/uploads\/2025\/10\/Logo-black.svg","width":371,"height":64,"caption":"Dr Violeta Vladimirov"},"image":{"@id":"https:\/\/zubar-mitrovica.rs\/#\/schema\/logo\/image\/"}}]}},"_links":{"self":[{"href":"https:\/\/zubar-mitrovica.rs\/en\/wp-json\/wp\/v2\/pages\/145","targetHints":{"allow":["GET"]}}],"collection":[{"href":"https:\/\/zubar-mitrovica.rs\/en\/wp-json\/wp\/v2\/pages"}],"about":[{"href":"https:\/\/zubar-mitrovica.rs\/en\/wp-json\/wp\/v2\/types\/page"}],"author":[{"embeddable":true,"href":"https:\/\/zubar-mitrovica.rs\/en\/wp-json\/wp\/v2\/users\/1"}],"replies":[{"embeddable":true,"href":"https:\/\/zubar-mitrovica.rs\/en\/wp-json\/wp\/v2\/comments?post=145"}],"version-history":[{"count":8,"href":"https:\/\/zubar-mitrovica.rs\/en\/wp-json\/wp\/v2\/pages\/145\/revisions"}],"predecessor-version":[{"id":593,"href":"https:\/\/zubar-mitrovica.rs\/en\/wp-json\/wp\/v2\/pages\/145\/revisions\/593"}],"wp:attachment":[{"href":"https:\/\/zubar-mitrovica.rs\/en\/wp-json\/wp\/v2\/media?parent=145"}],"curies":[{"name":"wp","href":"https:\/\/api.w.org\/{rel}","templated":true}]}}